{"id":567,"date":"2021-03-09T15:18:11","date_gmt":"2021-03-09T14:18:11","guid":{"rendered":"http:\/\/informatyczny.expert\/?page_id=567"},"modified":"2022-01-26T12:51:56","modified_gmt":"2022-01-26T11:51:56","slug":"sprzet-poleasingowy","status":"publish","type":"page","link":"https:\/\/informatyczny.expert\/?page_id=567","title":{"rendered":"Sprz\u0119t poleasingowy"},"content":{"rendered":"\n<p>W naszym sklepie czeka na Pa\u0144stwa sprawdzony, najlepszy sprz\u0119t( Dell, Apple czy Lenovo i wiele innych). Oferujmy tylko taki, \u00a0kt\u00f3ry jest dok\u0142adnie przetestowany i sprawdzony. Dodatkowo udzielamy Pa\u0144stwu gwarancji na okres roczny lub dw\u00f3ch lat.<\/p>\n\n\n\n<p>Je\u017celi Pa\u0144stwo podejm\u0105 z nami wsp\u00f3\u0142prac\u0119, mo\u017cecie si\u0119 spodziewa\u0107 mi\u0119dzy innymi:<\/p>\n\n\n\n<ul class=\"wp-block-list\"><li>sprz\u0119tu, kt\u00f3ry usatysfakcjonuje najbardziej wymagaj\u0105cego klienta,<\/li><li>indywidualnej konfiguracji oprogramowania dostosowan\u0105 do potrzeb klienta (pakiet Office, program antywirusowy, najnowszy pakiet sterownik\u00f3w itp.)<\/li><li>pomocy przy wyborze odpowiedniego urz\u0105dzenia,<\/li><li>je\u017celi b\u0119dzie potrzebna, to tak\u017ce oferujemy obs\u0142ug\u0119 posprzeda\u017cow\u0105(oferujemy serwis sprz\u0119tu w atrakcyjnych cenach).<\/li><\/ul>\n\n\n\n<p>Kiedy zapadnie decyzja o zakupie, wa\u017cne jest zwr\u00f3cenie uwagi na takie czynniki jak funkcjonalno\u015b\u0107 danego sprz\u0119tu, jego niezawodno\u015b\u0107 oraz cen\u0119. W naszym salonie pomo\u017cemy Pa\u0144stwu podj\u0105\u0107 najlepsz\u0105 decyzj\u0119 dotycz\u0105c\u0105 zakupu.<\/p>\n\n\n\n<p>Je\u017celi zrodzi\u0142a si\u0119 w Pa\u0144stwu ch\u0119\u0107 nabycia u nas sprz\u0119tu czy te\u017c potrzebuj\u0105 Pa\u0144stwo pomocy przy wyborze zapraszamy do kontaktu pod numerem telefonu: 510&nbsp;077&nbsp;078 lub kontakt mailowy: biuro@informatyczny.expert<\/p>\n","protected":false},"excerpt":{"rendered":"<p>W naszym sklepie czeka na Pa\u0144stwa sprawdzony, najlepszy sprz\u0119t( Dell, Apple czy Lenovo i wiele innych). Oferujmy tylko taki, \u00a0kt\u00f3ry jest dok\u0142adnie przetestowany i sprawdzony. Dodatkowo udzielamy Pa\u0144stwu gwarancji na okres roczny lub dw\u00f3ch lat. Je\u017celi Pa\u0144stwo podejm\u0105 z nami wsp\u00f3\u0142prac\u0119, mo\u017cecie si\u0119 spodziewa\u0107 mi\u0119dzy innymi: sprz\u0119tu, kt\u00f3ry usatysfakcjonuje najbardziej wymagaj\u0105cego klienta, indywidualnej konfiguracji oprogramowania dostosowan\u0105 do potrzeb klienta (pakiet Office, program antywirusowy, najnowszy pakiet [&hellip;]<\/p>\n","protected":false},"author":1,"featured_media":0,"parent":0,"menu_order":0,"comment_status":"closed","ping_status":"closed","template":"page-full-width.php","meta":{"footnotes":""},"class_list":["post-567","page","type-page","status-publish","hentry"],"_links":{"self":[{"href":"https:\/\/informatyczny.expert\/index.php?rest_route=\/wp\/v2\/pages\/567","targetHints":{"allow":["GET"]}}],"collection":[{"href":"https:\/\/informatyczny.expert\/index.php?rest_route=\/wp\/v2\/pages"}],"about":[{"href":"https:\/\/informatyczny.expert\/index.php?rest_route=\/wp\/v2\/types\/page"}],"author":[{"embeddable":true,"href":"https:\/\/informatyczny.expert\/index.php?rest_route=\/wp\/v2\/users\/1"}],"replies":[{"embeddable":true,"href":"https:\/\/informatyczny.expert\/index.php?rest_route=%2Fwp%2Fv2%2Fcomments&post=567"}],"version-history":[{"count":3,"href":"https:\/\/informatyczny.expert\/index.php?rest_route=\/wp\/v2\/pages\/567\/revisions"}],"predecessor-version":[{"id":585,"href":"https:\/\/informatyczny.expert\/index.php?rest_route=\/wp\/v2\/pages\/567\/revisions\/585"}],"wp:attachment":[{"href":"https:\/\/informatyczny.expert\/index.php?rest_route=%2Fwp%2Fv2%2Fmedia&parent=567"}],"curies":[{"name":"wp","href":"https:\/\/api.w.org\/{rel}","templated":true}]}}