{"id":296,"date":"2018-02-08T14:35:08","date_gmt":"2018-02-08T13:35:08","guid":{"rendered":"http:\/\/serwer1307223.home.pl\/ienowy\/?page_id=296"},"modified":"2018-02-23T13:25:54","modified_gmt":"2018-02-23T12:25:54","slug":"serwis-komputerowy","status":"publish","type":"page","link":"https:\/\/informatyczny.expert\/?page_id=296","title":{"rendered":"Serwis komputerowy"},"content":{"rendered":"<p>Oferujemy serwis laptop\u00f3w i komputer\u00f3w w konkurencyjnych cenach, zachowuj\u0105c wszelkie standardy wymagane podczas naprawy komputer\u00f3w. Prowadzimy serwis dla urz\u0105dze\u0144 typu: komputer stacjonarny, laptop, netbook, drukarka, monitor i inny sprz\u0119t komputerowy.<\/p>\n<p>&nbsp;<\/p>\n<p>Najni\u017csza cena wyczyszczenia z kurzu wraz z wymian\u0105 pasty termoprzewodz\u0105cej.<\/p>\n","protected":false},"excerpt":{"rendered":"<p>Oferujemy serwis laptop\u00f3w i komputer\u00f3w w konkurencyjnych cenach, zachowuj\u0105c wszelkie standardy wymagane podczas naprawy komputer\u00f3w. Prowadzimy serwis dla urz\u0105dze\u0144 typu: komputer stacjonarny, laptop, netbook, drukarka, monitor i inny sprz\u0119t komputerowy. &nbsp; Najni\u017csza cena wyczyszczenia z kurzu wraz z wymian\u0105 pasty termoprzewodz\u0105cej.<\/p>\n","protected":false},"author":1,"featured_media":0,"parent":0,"menu_order":0,"comment_status":"closed","ping_status":"closed","template":"template-full-width.php","meta":{"footnotes":""},"class_list":["post-296","page","type-page","status-publish","hentry"],"_links":{"self":[{"href":"https:\/\/informatyczny.expert\/index.php?rest_route=\/wp\/v2\/pages\/296","targetHints":{"allow":["GET"]}}],"collection":[{"href":"https:\/\/informatyczny.expert\/index.php?rest_route=\/wp\/v2\/pages"}],"about":[{"href":"https:\/\/informatyczny.expert\/index.php?rest_route=\/wp\/v2\/types\/page"}],"author":[{"embeddable":true,"href":"https:\/\/informatyczny.expert\/index.php?rest_route=\/wp\/v2\/users\/1"}],"replies":[{"embeddable":true,"href":"https:\/\/informatyczny.expert\/index.php?rest_route=%2Fwp%2Fv2%2Fcomments&post=296"}],"version-history":[{"count":3,"href":"https:\/\/informatyczny.expert\/index.php?rest_route=\/wp\/v2\/pages\/296\/revisions"}],"predecessor-version":[{"id":501,"href":"https:\/\/informatyczny.expert\/index.php?rest_route=\/wp\/v2\/pages\/296\/revisions\/501"}],"wp:attachment":[{"href":"https:\/\/informatyczny.expert\/index.php?rest_route=%2Fwp%2Fv2%2Fmedia&parent=296"}],"curies":[{"name":"wp","href":"https:\/\/api.w.org\/{rel}","templated":true}]}}